{"id":2,"date":"2025-03-23T10:34:06","date_gmt":"2025-03-23T09:34:06","guid":{"rendered":"http:\/\/straydog.uber.space\/?page_id=2"},"modified":"2025-04-08T11:29:12","modified_gmt":"2025-04-08T09:29:12","slug":"impressum","status":"publish","type":"page","link":"https:\/\/www.straydogsmc.com\/?page_id=2","title":{"rendered":"IMPRESSUM"},"content":{"rendered":"\n<p>Stray Dogs MC Germany e.V.<br>Wiebelsheim 26<br>91438 Bad Windsheim &#8211; OT Wiebelsheim<br>E-Mail: <a href=\"mailto:info@straydogsmc.com\">info@straydogsmc.com<\/a><br><\/p>\n\n\n\n<figure class=\"wp-block-image size-full is-resized\"><img loading=\"lazy\" decoding=\"async\" width=\"939\" height=\"961\" src=\"https:\/\/www.straydogsmc.com\/wp-content\/uploads\/2025\/03\/Straydogs_Color.png\" alt=\"\" class=\"wp-image-10\" style=\"width:204px;height:auto\" srcset=\"https:\/\/www.straydogsmc.com\/wp-content\/uploads\/2025\/03\/Straydogs_Color.png 939w, https:\/\/www.straydogsmc.com\/wp-content\/uploads\/2025\/03\/Straydogs_Color-293x300.png 293w, https:\/\/www.straydogsmc.com\/wp-content\/uploads\/2025\/03\/Straydogs_Color-768x786.png 768w\" sizes=\"auto, (max-width: 939px) 100vw, 939px\" \/><\/figure>\n\n\n\n<p><strong>Vertreten durch:<\/strong><br>1. Vorsitzender: Hans Lang<br>2. Vorstand: Dirk Witzke<\/p>\n\n\n\n<p>Webseitengestaltung: Wolfgang Genger<\/p>\n\n\n\n<p><em><strong>Weitere Kontaktm\u00f6glichkeit siehe Unten mit dem Kontaktformular!<\/strong><\/em><\/p>\n\n\n\n<p><strong>Registereintrag:<\/strong><br>Eingetragen im Vereinsregister.<br>Registergericht: F\u00fcrth<br>Registernummer: VR 201449<\/p>\n\n\n\n<h2 class=\"wp-block-heading\">Disclaimer \u2013 rechtliche Hinweise<\/h2>\n\n\n\n<p>\u00a7 1 Warnhinweis zu Inhalten<\/p>\n\n\n\n<p>Die kostenlosen und frei zug\u00e4nglichen Inhalte dieser Webseite wurden mit gr\u00f6\u00dftm\u00f6glicher Sorgfalt erstellt. Der Anbieter dieser Webseite \u00fcbernimmt jedoch keine Gew\u00e4hr f\u00fcr die Richtigkeit und Aktualit\u00e4t der bereitgestellten Inhalte. Namentlich gekennzeichnete Beitr\u00e4ge geben die Meinung des jeweiligen Autors und nicht immer die Meinung des Anbieters wieder. Allein durch den Aufruf der Inhalte kommt kein Vertragsverh\u00e4ltnis zwischen dem Nutzer und dem Anbieter zustande, da es am Rechtsbindungswillen des Anbieters fehlt.<\/p>\n\n\n\n<p>\u00a7 2 Externe Links<\/p>\n\n\n\n<p>Diese Website enth\u00e4lt Verkn\u00fcpfungen zu Websites Dritter (\u201eexterne Links\u201c). Diese Websites unterliegen der Haftung der jeweiligen Betreiber. Der Anbieter hat bei der erstmaligen Verkn\u00fcpfung der externen Links die fremden Inhalte daraufhin \u00fcberpr\u00fcft, ob etwaige Rechtsverst\u00f6\u00dfe bestehen. Zu diesem Zeitpunkt waren keine Rechtsverst\u00f6\u00dfe ersichtlich. Der Anbieter hat keinen Einfluss auf die aktuelle und zuk\u00fcnftige Gestaltung sowie auf die Inhalte der verkn\u00fcpften Seiten. Das Setzen von externen Links bedeutet nicht, dass sich der Anbieter die hinter dem Verweis oder Link liegenden Inhalte zu Eigen macht. Eine st\u00e4ndige Kontrolle der externen Links ist f\u00fcr den Anbieter ohne konkrete Hinweise auf Rechtsverst\u00f6\u00dfe nicht zumutbar. Bei Kenntnis von Rechtsverst\u00f6\u00dfen werden derartige externe Links unverz\u00fcglich gel\u00f6scht.<\/p>\n\n\n\n<p>\u00a7 3 Urheber- und Leistungsschutzrechte<\/p>\n\n\n\n<p>Die auf dieser Website ver\u00f6ffentlichten Inhalte unterliegen dem deutschen Urheber- und Leistungsschutzrecht. Jede vom deutschen Urheber- und Leistungsschutzrecht nicht zugelassene Verwertung bedarf der vorherigen schriftlichen Zustimmung des Anbieters oder jeweiligen Rechteinhabers. Dies gilt insbesondere f\u00fcr Vervielf\u00e4ltigung, Bearbeitung, \u00dcbersetzung, Einspeicherung, Verarbeitung bzw. Wiedergabe von Inhalten in Datenbanken oder anderen elektronischen Medien und Systemen. Inhalte und Rechte Dritter sind dabei als solche gekennzeichnet. Die unerlaubte Vervielf\u00e4ltigung oder Weitergabe einzelner Inhalte oder kompletter Seiten ist nicht gestattet und strafbar. Lediglich die Herstellung von Kopien und Downloads f\u00fcr den pers\u00f6nlichen, privaten und nicht kommerziellen Gebrauch ist erlaubt.<\/p>\n\n\n\n<p>Die Darstellung dieser Website in fremden Frames ist nur mit schriftlicher Erlaubnis zul\u00e4ssig.<\/p>\n\n\n\n<p>\u00a7 4 Besondere Nutzungsbedingungen<\/p>\n\n\n\n<p>Soweit besondere Bedingungen f\u00fcr einzelne Nutzungen dieser Website von den vorgenannten Paragraphen abweichen, wird an entsprechender Stelle ausdr\u00fccklich darauf hingewiesen. In diesem Falle gelten im jeweiligen Einzelfall die besonderen Nutzungsbedingungen.<\/p>\n\n\n\n<p><strong>\u00a7 5 Datenschutz<\/strong><\/p>\n\n\n\n<p>Die Nutzung unserer Webseite ist in der Regel ohne die Angabe personenbezogener Daten m\u00f6glich. Soweit auf unseren Seiten personenbezogene Daten (beispielsweise Name, Anschrift oder E-Mail-Adressen) erhoben werden, geschieht dies, soweit m\u00f6glich, stets auf freiwilliger Basis. Diese Daten werden ohne Ihre ausdr\u00fcckliche Zustimmung nicht an Dritte weitergegeben.<\/p>\n\n\n\n<p>Bitte beachten Sie, dass die Daten\u00fcbertragung im Internet (z. B. bei der Kommunikation per E-Mail) Sicherheitsl\u00fccken aufweisen kann. Ein l\u00fcckenloser Schutz der Daten vor dem Zugriff durch Dritte ist nicht m\u00f6glich.<\/p>\n\n\n\n<p>Der Nutzung der im Rahmen der Impressumspflicht ver\u00f6ffentlichten Kontaktdaten durch Dritte zur \u00dcbersendung von nicht ausdr\u00fccklich angeforderter Werbung und Informationsmaterialien wird hiermit ausdr\u00fccklich widersprochen. Die Betreiber der Seiten behalten sich rechtliche Schritte im Falle der unverlangten Zusendung von Werbeinformationen, wie etwa Spam-Mails, vor.<\/p>\n\n\n\n<p>Wir respektieren das Recht auf das eigene Bild. Die auf diesen Seiten gezeigten Bilder sind entweder im Rahmen \u00f6ffentlicher Veranstaltungen entstanden oder wurden mit Genehmigung der abgebildeten Personen ver\u00f6ffentlicht. Sollte ein Bild ver\u00f6ffentlicht sein, gegen das Einspruch erhoben wird, werden wir es umgehend entfernen. In diesem Fall gen\u00fcgt eine kurze E-Mail, idealerweise mit Screenshot oder Direktlink zum Bild. Gerne kann daf\u00fcr auch das Kontaktformular genutzt werden.<\/p>\n\n\n\n<p><strong>Cookies:<\/strong><\/p>\n\n\n\n<p>Unsere Internetseiten verwenden gegebenenfalls sogenannte \u201eCookies\u201c. Cookies sind kleine Textdateien, die auf Ihrem Endger\u00e4t keinen Schaden anrichten. Sie werden entweder vor\u00fcbergehend f\u00fcr die Dauer einer Sitzung (Session-Cookies) oder dauerhaft (permanente Cookies) auf Ihrem Endger\u00e4t gespeichert. Session-Cookies werden nach Ende Ihres Besuchs automatisch gel\u00f6scht. Permanente Cookies bleiben auf Ihrem Endger\u00e4t gespeichert, bis Sie diese selbst l\u00f6schen oder eine automatische L\u00f6schung durch Ihren Webbrowser erfolgt.<\/p>\n\n\n\n<p>Cookies erf\u00fcllen verschiedene Funktionen. Viele Cookies sind technisch notwendig, da bestimmte Webseitenfunktionen ohne sie nicht funktionieren w\u00fcrden.<\/p>\n\n\n\n<p>Sie k\u00f6nnen Ihren Browser so einstellen, dass Sie \u00fcber das Setzen von Cookies informiert werden und Cookies nur im Einzelfall erlauben, die Annahme von Cookies f\u00fcr bestimmte F\u00e4lle oder generell ausschlie\u00dfen sowie das automatische L\u00f6schen der Cookies beim Schlie\u00dfen des Browsers aktivieren. Bei der Deaktivierung von Cookies kann die Funktionalit\u00e4t dieser Website eingeschr\u00e4nkt sein.<\/p>\n\n\n\n<p>Soweit Cookies von Drittunternehmen oder zu Analysezwecken eingesetzt werden, werden wir Sie im Rahmen dieser Datenschutzerkl\u00e4rung gesondert informieren und gegebenenfalls um Ihre Einwilligung bitten.<\/p>\n\n\n\n<p>\u00dcber das Kontaktformular kannst Du uns gerne eine Nachricht zukommen lassen.<br>Bitte alle Felder ausf\u00fcllen!<\/p>\n\n\n\n<div class=\"wpcf7 no-js\" id=\"wpcf7-f161-o1\" lang=\"de-DE\" dir=\"ltr\" data-wpcf7-id=\"161\">\n<div class=\"screen-reader-response\"><p role=\"status\" aria-live=\"polite\" aria-atomic=\"true\"><\/p> <ul><\/ul><\/div>\n<form action=\"\/index.php?rest_route=%2Fwp%2Fv2%2Fpages%2F2#wpcf7-f161-o1\" method=\"post\" class=\"wpcf7-form init\" aria-label=\"Kontaktformular\" novalidate=\"novalidate\" data-status=\"init\">\n<fieldset class=\"hidden-fields-container\"><input type=\"hidden\" name=\"_wpcf7\" value=\"161\" \/><input type=\"hidden\" name=\"_wpcf7_version\" value=\"6.1.5\" \/><input type=\"hidden\" name=\"_wpcf7_locale\" value=\"de_DE\" \/><input type=\"hidden\" name=\"_wpcf7_unit_tag\" value=\"wpcf7-f161-o1\" \/><input type=\"hidden\" name=\"_wpcf7_container_post\" value=\"0\" \/><input type=\"hidden\" name=\"_wpcf7_posted_data_hash\" value=\"\" \/>\n<\/fieldset>\n<p><label> Dein Name:<br \/>\n<span class=\"wpcf7-form-control-wrap\" data-name=\"your-name\"><input size=\"40\" maxlength=\"400\" class=\"wpcf7-form-control wpcf7-text wpcf7-validates-as-required\" autocomplete=\"name\" aria-required=\"true\" aria-invalid=\"false\" value=\"\" type=\"text\" name=\"your-name\" \/><\/span> <\/label>\n<\/p>\n<p><label> Deine E-Mail-Adresse:<br \/>\n<span class=\"wpcf7-form-control-wrap\" data-name=\"your-email\"><input size=\"40\" maxlength=\"400\" class=\"wpcf7-form-control wpcf7-email wpcf7-validates-as-required wpcf7-text wpcf7-validates-as-email\" autocomplete=\"email\" aria-required=\"true\" aria-invalid=\"false\" value=\"\" type=\"email\" name=\"your-email\" \/><\/span> <\/label>\n<\/p>\n<p><label> Betreff:<br \/>\n<span class=\"wpcf7-form-control-wrap\" data-name=\"your-subject\"><input size=\"40\" maxlength=\"400\" class=\"wpcf7-form-control wpcf7-text wpcf7-validates-as-required\" aria-required=\"true\" aria-invalid=\"false\" value=\"\" type=\"text\" name=\"your-subject\" \/><\/span> <\/label>\n<\/p>\n<p><label> Deine Nachricht:<br \/>\n<span class=\"wpcf7-form-control-wrap\" data-name=\"your-message\"><textarea cols=\"40\" rows=\"10\" maxlength=\"2000\" class=\"wpcf7-form-control wpcf7-textarea wpcf7-validates-as-required\" aria-required=\"true\" aria-invalid=\"false\" name=\"your-message\"><\/textarea><\/span> <\/label>\n<\/p>\n<p><span class=\"wpcf7-form-control-wrap\" data-name=\"acceptance-264\"><span class=\"wpcf7-form-control wpcf7-acceptance\"><span class=\"wpcf7-list-item\"><label><input type=\"checkbox\" name=\"acceptance-264\" value=\"1\" aria-invalid=\"false\" \/><span class=\"wpcf7-list-item-label\">*Hiermit akzeptiere ich die Datenschutzbestimmungen.<\/span><\/label><\/span><\/span><\/span>\n<\/p>\n<p><input class=\"wpcf7-form-control wpcf7-submit has-spinner\" type=\"submit\" value=\"Senden\" \/>\n<\/p><div class=\"wpcf7-response-output\" aria-hidden=\"true\"><\/div>\n<\/form>\n<\/div>\n\n\n\n\n<p>Das Kontaktformular dient ausschlie\u00dflich der \u00dcbermittlung von Nachrichten an uns. Personenbezogene Daten werden nicht dauerhaft gespeichert, jedoch werden die eingegebenen Daten in eine E-Mail eingebettet und dort gespeichert. Nach Bearbeitung der \u00fcbermittelten Informationen werden diese E-Mails umgehend gel\u00f6scht. Ein sp\u00e4terer Zugriff auf bereits bearbeitete Nachrichten ist daher nicht m\u00f6glich. Bei R\u00fcckfragen wende Dich bitte erneut \u00fcber das Kontaktformular an uns.<br>Alternativ direkt per E-Mail an: <a href=\"mailto:info@straydogsmc.com\">info@straydogsmc.com<\/a><\/p>\n\n\n\n<figure class=\"wp-block-image size-full\"><img loading=\"lazy\" decoding=\"async\" width=\"939\" height=\"961\" src=\"https:\/\/www.straydogsmc.com\/wp-content\/uploads\/2025\/04\/grafik.png\" alt=\"\" class=\"wp-image-1435\" srcset=\"https:\/\/www.straydogsmc.com\/wp-content\/uploads\/2025\/04\/grafik.png 939w, https:\/\/www.straydogsmc.com\/wp-content\/uploads\/2025\/04\/grafik-293x300.png 293w, https:\/\/www.straydogsmc.com\/wp-content\/uploads\/2025\/04\/grafik-768x786.png 768w\" sizes=\"auto, (max-width: 939px) 100vw, 939px\" \/><\/figure>\n","protected":false},"excerpt":{"rendered":"<p>Stray Dogs MC Germany e.V.Wiebelsheim 2691438 Bad Windsheim &#8211; OT WiebelsheimE-Mail: info@straydogsmc.com Vertreten durch:1. Vorsitzender: Hans Lang2. Vorstand: Dirk Witzke Webseitengestaltung: Wolfgang Genger Weitere Kontaktm\u00f6glichkeit siehe Unten mit dem Kontaktformular! Registereintrag:Eingetragen im Vereinsregister.Registergericht: F\u00fcrthRegisternummer: VR 201449 Disclaimer \u2013 rechtliche Hinweise \u00a7 1 Warnhinweis zu Inhalten Die kostenlosen und frei zug\u00e4nglichen Inhalte dieser Webseite wurden mit [&hellip;]<\/p>\n","protected":false},"author":1,"featured_media":0,"parent":0,"menu_order":0,"comment_status":"closed","ping_status":"closed","template":"","meta":{"footnotes":""},"class_list":["post-2","page","type-page","status-publish","hentry"],"publishpress_future_action":{"enabled":false,"date":"2026-04-25 10:56:25","action":"change-status","newStatus":"draft","terms":[],"taxonomy":"","extraData":[]},"publishpress_future_workflow_manual_trigger":{"enabledWorkflows":[]},"_links":{"self":[{"href":"https:\/\/www.straydogsmc.com\/index.php?rest_route=\/wp\/v2\/pages\/2","targetHints":{"allow":["GET"]}}],"collection":[{"href":"https:\/\/www.straydogsmc.com\/index.php?rest_route=\/wp\/v2\/pages"}],"about":[{"href":"https:\/\/www.straydogsmc.com\/index.php?rest_route=\/wp\/v2\/types\/page"}],"author":[{"embeddable":true,"href":"https:\/\/www.straydogsmc.com\/index.php?rest_route=\/wp\/v2\/users\/1"}],"replies":[{"embeddable":true,"href":"https:\/\/www.straydogsmc.com\/index.php?rest_route=%2Fwp%2Fv2%2Fcomments&post=2"}],"version-history":[{"count":27,"href":"https:\/\/www.straydogsmc.com\/index.php?rest_route=\/wp\/v2\/pages\/2\/revisions"}],"predecessor-version":[{"id":1436,"href":"https:\/\/www.straydogsmc.com\/index.php?rest_route=\/wp\/v2\/pages\/2\/revisions\/1436"}],"wp:attachment":[{"href":"https:\/\/www.straydogsmc.com\/index.php?rest_route=%2Fwp%2Fv2%2Fmedia&parent=2"}],"curies":[{"name":"wp","href":"https:\/\/api.w.org\/{rel}","templated":true}]}}