{"id":132,"date":"2025-03-31T12:06:51","date_gmt":"2025-03-31T10:06:51","guid":{"rendered":"https:\/\/straydog.uber.space\/?page_id=132"},"modified":"2026-02-01T11:35:28","modified_gmt":"2026-02-01T10:35:28","slug":"clubhaus","status":"publish","type":"page","link":"https:\/\/www.straydogsmc.com\/?page_id=132","title":{"rendered":"CLUBHAUS"},"content":{"rendered":"\n<p class=\"has-text-align-center\">Das Clubhaus der Stray Dogs steht allen Besuchern <strong><em>jeden 1. und jeden 3. Freitag im Monat f\u00fcr Besuche offen<\/em><\/strong>. Gerne k\u00f6nnen sich hier auch interessierte \u00fcber den Club informieren.<\/p>\n\n\n\n<figure class=\"wp-block-image aligncenter size-full is-resized\"><img loading=\"lazy\" decoding=\"async\" width=\"832\" height=\"1248\" src=\"https:\/\/www.straydogsmc.com\/wp-content\/uploads\/2026\/02\/openClubHaus_01_26.jpg\" alt=\"\" class=\"wp-image-1801\" style=\"width:487px;height:auto\" srcset=\"https:\/\/www.straydogsmc.com\/wp-content\/uploads\/2026\/02\/openClubHaus_01_26.jpg 832w, https:\/\/www.straydogsmc.com\/wp-content\/uploads\/2026\/02\/openClubHaus_01_26-200x300.jpg 200w, https:\/\/www.straydogsmc.com\/wp-content\/uploads\/2026\/02\/openClubHaus_01_26-683x1024.jpg 683w, https:\/\/www.straydogsmc.com\/wp-content\/uploads\/2026\/02\/openClubHaus_01_26-768x1152.jpg 768w\" sizes=\"auto, (max-width: 832px) 100vw, 832px\" \/><\/figure>\n\n\n\n<figure class=\"wp-block-image size-large\"><img loading=\"lazy\" decoding=\"async\" width=\"1024\" height=\"768\" src=\"https:\/\/www.straydogsmc.com\/wp-content\/uploads\/2025\/09\/SD_Clubhaus01-1-1-1024x768.jpg\" alt=\"\" class=\"wp-image-1761\" srcset=\"https:\/\/www.straydogsmc.com\/wp-content\/uploads\/2025\/09\/SD_Clubhaus01-1-1-1024x768.jpg 1024w, https:\/\/www.straydogsmc.com\/wp-content\/uploads\/2025\/09\/SD_Clubhaus01-1-1-300x225.jpg 300w, https:\/\/www.straydogsmc.com\/wp-content\/uploads\/2025\/09\/SD_Clubhaus01-1-1-768x576.jpg 768w, https:\/\/www.straydogsmc.com\/wp-content\/uploads\/2025\/09\/SD_Clubhaus01-1-1.jpg 1200w\" sizes=\"auto, (max-width: 1024px) 100vw, 1024px\" \/><\/figure>\n\n\n\n<figure class=\"wp-block-image size-large\"><img loading=\"lazy\" decoding=\"async\" width=\"1024\" height=\"608\" src=\"https:\/\/www.straydogsmc.com\/wp-content\/uploads\/2025\/09\/DSC_0328-1024x608.jpg\" alt=\"\" class=\"wp-image-1755\" srcset=\"https:\/\/www.straydogsmc.com\/wp-content\/uploads\/2025\/09\/DSC_0328-1024x608.jpg 1024w, https:\/\/www.straydogsmc.com\/wp-content\/uploads\/2025\/09\/DSC_0328-300x178.jpg 300w, https:\/\/www.straydogsmc.com\/wp-content\/uploads\/2025\/09\/DSC_0328-768x456.jpg 768w, https:\/\/www.straydogsmc.com\/wp-content\/uploads\/2025\/09\/DSC_0328-1536x912.jpg 1536w, https:\/\/www.straydogsmc.com\/wp-content\/uploads\/2025\/09\/DSC_0328-2048x1216.jpg 2048w\" sizes=\"auto, (max-width: 1024px) 100vw, 1024px\" \/><\/figure>\n\n\n\n<figure class=\"wp-block-image size-large\"><img loading=\"lazy\" decoding=\"async\" width=\"940\" height=\"1024\" src=\"https:\/\/www.straydogsmc.com\/wp-content\/uploads\/2025\/09\/DSC_0325-940x1024.jpg\" alt=\"\" class=\"wp-image-1757\" srcset=\"https:\/\/www.straydogsmc.com\/wp-content\/uploads\/2025\/09\/DSC_0325-940x1024.jpg 940w, https:\/\/www.straydogsmc.com\/wp-content\/uploads\/2025\/09\/DSC_0325-275x300.jpg 275w, https:\/\/www.straydogsmc.com\/wp-content\/uploads\/2025\/09\/DSC_0325-768x837.jpg 768w, https:\/\/www.straydogsmc.com\/wp-content\/uploads\/2025\/09\/DSC_0325-1409x1536.jpg 1409w, https:\/\/www.straydogsmc.com\/wp-content\/uploads\/2025\/09\/DSC_0325-1879x2048.jpg 1879w\" sizes=\"auto, (max-width: 940px) 100vw, 940px\" \/><\/figure>\n\n\n\n<figure class=\"wp-block-image aligncenter size-full\"><img loading=\"lazy\" decoding=\"async\" width=\"600\" height=\"800\" src=\"http:\/\/straydog.uber.space\/wp-content\/uploads\/2025\/03\/SD_Newspaper.jpg\" alt=\"\" class=\"wp-image-98\" srcset=\"https:\/\/www.straydogsmc.com\/wp-content\/uploads\/2025\/03\/SD_Newspaper.jpg 600w, https:\/\/www.straydogsmc.com\/wp-content\/uploads\/2025\/03\/SD_Newspaper-225x300.jpg 225w\" sizes=\"auto, (max-width: 600px) 100vw, 600px\" \/><\/figure>\n\n\n\n<p class=\"has-text-align-center\">Erbaut wurde das Clubhaus 1921 und 1954 um einen weiteres Geschoss aufgestockt. Nach vielen Arbeitsstungen wurde das Haus als Clubhaus der Stray Dogs 2014 er\u00f6ffnet.<\/p>\n","protected":false},"excerpt":{"rendered":"<p>Das Clubhaus der Stray Dogs steht allen Besuchern jeden 1. und jeden 3. Freitag im Monat f\u00fcr Besuche offen. Gerne k\u00f6nnen sich hier auch interessierte \u00fcber den Club informieren. Erbaut wurde das Clubhaus 1921 und 1954 um einen weiteres Geschoss aufgestockt. Nach vielen Arbeitsstungen wurde das Haus als Clubhaus der Stray Dogs 2014 er\u00f6ffnet.<\/p>\n","protected":false},"author":1,"featured_media":1755,"parent":0,"menu_order":0,"comment_status":"closed","ping_status":"closed","template":"","meta":{"footnotes":""},"class_list":["post-132","page","type-page","status-publish","has-post-thumbnail","hentry"],"publishpress_future_action":{"enabled":false,"date":"2026-04-27 10:38:32","action":"change-status","newStatus":"draft","terms":[],"taxonomy":"","extraData":[]},"publishpress_future_workflow_manual_trigger":{"enabledWorkflows":[]},"_links":{"self":[{"href":"https:\/\/www.straydogsmc.com\/index.php?rest_route=\/wp\/v2\/pages\/132","targetHints":{"allow":["GET"]}}],"collection":[{"href":"https:\/\/www.straydogsmc.com\/index.php?rest_route=\/wp\/v2\/pages"}],"about":[{"href":"https:\/\/www.straydogsmc.com\/index.php?rest_route=\/wp\/v2\/types\/page"}],"author":[{"embeddable":true,"href":"https:\/\/www.straydogsmc.com\/index.php?rest_route=\/wp\/v2\/users\/1"}],"replies":[{"embeddable":true,"href":"https:\/\/www.straydogsmc.com\/index.php?rest_route=%2Fwp%2Fv2%2Fcomments&post=132"}],"version-history":[{"count":10,"href":"https:\/\/www.straydogsmc.com\/index.php?rest_route=\/wp\/v2\/pages\/132\/revisions"}],"predecessor-version":[{"id":1802,"href":"https:\/\/www.straydogsmc.com\/index.php?rest_route=\/wp\/v2\/pages\/132\/revisions\/1802"}],"wp:featuredmedia":[{"embeddable":true,"href":"https:\/\/www.straydogsmc.com\/index.php?rest_route=\/wp\/v2\/media\/1755"}],"wp:attachment":[{"href":"https:\/\/www.straydogsmc.com\/index.php?rest_route=%2Fwp%2Fv2%2Fmedia&parent=132"}],"curies":[{"name":"wp","href":"https:\/\/api.w.org\/{rel}","templated":true}]}}