{"id":105,"date":"2025-03-25T08:38:44","date_gmt":"2025-03-25T07:38:44","guid":{"rendered":"https:\/\/straydog.uber.space\/?page_id=105"},"modified":"2025-04-09T15:58:03","modified_gmt":"2025-04-09T13:58:03","slug":"clubgeschichte","status":"publish","type":"page","link":"https:\/\/www.straydogsmc.com\/?page_id=105","title":{"rendered":"CLUBGESCHICHTE"},"content":{"rendered":"\n<div class=\"wp-block-group alignfull is-layout-flow wp-block-group-is-layout-flow\">\n<div class=\"wp-block-group alignfull has-global-padding is-layout-constrained wp-block-group-is-layout-constrained\" style=\"padding-top:var(--wp--preset--spacing--50);padding-bottom:var(--wp--preset--spacing--50)\">\n<div class=\"wp-block-columns alignwide is-layout-flex wp-container-core-columns-is-layout-55c14dbb wp-block-columns-is-layout-flex\" style=\"padding-top:var(--wp--preset--spacing--80);padding-bottom:var(--wp--preset--spacing--50)\">\n<div class=\"wp-block-column is-layout-flow wp-block-column-is-layout-flow\" style=\"flex-basis:50%\">\n<h2 class=\"wp-block-heading alignwide has-x-large-font-size\">Der Stray Dogs MC ist ein unabh\u00e4ngiger Motorradclub, wir unterst\u00fctzen niemanden.<\/h2>\n<\/div>\n\n\n\n<div class=\"wp-block-column is-layout-flow wp-block-column-is-layout-flow\"><\/div>\n\n\n\n<div class=\"wp-block-column is-layout-flow wp-block-column-is-layout-flow\" style=\"flex-basis:50%\">\n<div style=\"height:var(--wp--preset--spacing--20)\" aria-hidden=\"true\" class=\"wp-block-spacer\"><\/div>\n\n\n\n<figure class=\"wp-block-image size-full is-resized\"><img loading=\"lazy\" decoding=\"async\" width=\"939\" height=\"961\" src=\"https:\/\/www.straydogsmc.com\/wp-content\/uploads\/2025\/04\/grafik-1.png\" alt=\"\" class=\"wp-image-1437\" style=\"width:239px;height:auto\" srcset=\"https:\/\/www.straydogsmc.com\/wp-content\/uploads\/2025\/04\/grafik-1.png 939w, https:\/\/www.straydogsmc.com\/wp-content\/uploads\/2025\/04\/grafik-1-293x300.png 293w, https:\/\/www.straydogsmc.com\/wp-content\/uploads\/2025\/04\/grafik-1-768x786.png 768w\" sizes=\"auto, (max-width: 939px) 100vw, 939px\" \/><\/figure>\n<\/div>\n<\/div>\n<\/div>\n<\/div>\n\n\n\n<div class=\"wp-block-group alignfull has-global-padding is-layout-constrained wp-block-group-is-layout-constrained\" style=\"margin-top:0;margin-bottom:0\">\n<div class=\"wp-block-columns alignwide is-layout-flex wp-container-core-columns-is-layout-65e523f9 wp-block-columns-is-layout-flex\">\n<div class=\"wp-block-column is-layout-flow wp-block-column-is-layout-flow\" style=\"flex-basis:66.66%\">\n<div class=\"wp-block-query is-layout-flow wp-block-query-is-layout-flow\"><\/div>\n\n\n\n<hr class=\"wp-block-separator has-alpha-channel-opacity\"\/>\n<\/div>\n\n\n\n<div class=\"wp-block-column is-layout-flow wp-block-column-is-layout-flow\" style=\"flex-basis:33.33%\">\n<p>Gegr\u00fcndet wurde der Stray Dogs MC 1987 von Soldaten der vereinigten Staaten und deutschen Motorradbegeisterten. Der Club ist im Landkreis Neustadt Aisch &#8211; Bad Windsheim heute der \u00e4lteste ans\u00e4ssige Motorradclub. Mit den Br\u00fcden in Ungarn, dem Stray Dogs MC Hungary, pflegen wir eine gute und langj\u00e4hrige Freundschaft.<\/p>\n<\/div>\n<\/div>\n<\/div>\n\n\n\n<p class=\"has-text-align-center is-style-default has-x-large-font-size\" style=\"font-style:normal;font-weight:800\"><strong>DAS CLUBHAUS<\/strong><\/p>\n\n\n\n<p class=\"has-text-align-center\">Das Clubhaus der Stray Dogs steht allen Besuchern <strong><em>jeden 1. und jeden 3. Freitag im Monat f\u00fcr Besuche offen<\/em><\/strong>. Gerne k\u00f6nnen sich hier auch interessierte \u00fcber den Club informieren.<\/p>\n\n\n\n<figure class=\"wp-block-image aligncenter size-full\"><img loading=\"lazy\" decoding=\"async\" width=\"319\" height=\"448\" src=\"http:\/\/straydog.uber.space\/wp-content\/uploads\/2025\/03\/Open-Clubhouse.jpg\" alt=\"\" class=\"wp-image-76\" srcset=\"https:\/\/www.straydogsmc.com\/wp-content\/uploads\/2025\/03\/Open-Clubhouse.jpg 319w, https:\/\/www.straydogsmc.com\/wp-content\/uploads\/2025\/03\/Open-Clubhouse-214x300.jpg 214w\" sizes=\"auto, (max-width: 319px) 100vw, 319px\" \/><\/figure>\n\n\n\n<figure class=\"wp-block-image aligncenter size-large\"><img loading=\"lazy\" decoding=\"async\" width=\"1024\" height=\"768\" src=\"http:\/\/straydog.uber.space\/wp-content\/uploads\/2025\/03\/SD_Clubhaus01-1-1024x768.jpg\" alt=\"\" class=\"wp-image-101\" srcset=\"https:\/\/www.straydogsmc.com\/wp-content\/uploads\/2025\/03\/SD_Clubhaus01-1-1024x768.jpg 1024w, https:\/\/www.straydogsmc.com\/wp-content\/uploads\/2025\/03\/SD_Clubhaus01-1-300x225.jpg 300w, https:\/\/www.straydogsmc.com\/wp-content\/uploads\/2025\/03\/SD_Clubhaus01-1-768x576.jpg 768w, https:\/\/www.straydogsmc.com\/wp-content\/uploads\/2025\/03\/SD_Clubhaus01-1.jpg 1200w\" sizes=\"auto, (max-width: 1024px) 100vw, 1024px\" \/><\/figure>\n\n\n\n<p class=\"has-text-align-center\">Erbaut wurde das Clubhaus 1921 und 1954 um einen weiteres Geschoss aufgestockt. Nach vielen Arbeitsstungen wurde das Haus als Clubhaus der Stray Dogs 2014 er\u00f6ffnet.<\/p>\n\n\n\n<figure class=\"wp-block-image aligncenter size-full\"><img loading=\"lazy\" decoding=\"async\" width=\"600\" height=\"800\" src=\"http:\/\/straydog.uber.space\/wp-content\/uploads\/2025\/03\/SD_Newspaper.jpg\" alt=\"\" class=\"wp-image-98\" srcset=\"https:\/\/www.straydogsmc.com\/wp-content\/uploads\/2025\/03\/SD_Newspaper.jpg 600w, https:\/\/www.straydogsmc.com\/wp-content\/uploads\/2025\/03\/SD_Newspaper-225x300.jpg 225w\" sizes=\"auto, (max-width: 600px) 100vw, 600px\" \/><\/figure>\n\n\n\n<p>Die Anfahrt zum Clubhaus:<\/p>\n\n\n\n<p>Adresse:<br>Wiebelsheim 26<br>91438 Bad Windsheim \u2013 OT Wiebelsheim<\/p>\n\n\n\n<iframe src=\"https:\/\/www.google.com\/maps\/embed?pb=!1m14!1m12!1m3!1d268.81153164822723!2d10.37100799184724!3d49.5001185700338!2m3!1f0!2f0!3f0!3m2!1i1024!2i768!4f13.1!5e1!3m2!1sde!2sde!4v1744130486690!5m2!1sde!2sde\" width=\"600\" height=\"450\" style=\"border:0;\" allowfullscreen=\"\" loading=\"lazy\" referrerpolicy=\"no-referrer-when-downgrade\"><\/iframe>\n\n\n\n<p><a href=\"https:\/\/maps.app.goo.gl\/aJRvV4GzajbuFsLf7\">https:\/\/maps.app.goo.gl\/aJRvV4GzajbuFsLf7<\/a><\/p>\n","protected":false},"excerpt":{"rendered":"<p>Der Stray Dogs MC ist ein unabh\u00e4ngiger Motorradclub, wir unterst\u00fctzen niemanden. Gegr\u00fcndet wurde der Stray Dogs MC 1987 von Soldaten der vereinigten Staaten und deutschen Motorradbegeisterten. Der Club ist im Landkreis Neustadt Aisch &#8211; Bad Windsheim heute der \u00e4lteste ans\u00e4ssige Motorradclub. Mit den Br\u00fcden in Ungarn, dem Stray Dogs MC Hungary, pflegen wir eine gute [&hellip;]<\/p>\n","protected":false},"author":1,"featured_media":0,"parent":0,"menu_order":0,"comment_status":"closed","ping_status":"closed","template":"","meta":{"footnotes":""},"class_list":["post-105","page","type-page","status-publish","hentry"],"publishpress_future_action":{"enabled":false,"date":"2026-04-25 10:59:47","action":"change-status","newStatus":"draft","terms":[],"taxonomy":"","extraData":[]},"publishpress_future_workflow_manual_trigger":{"enabledWorkflows":[]},"_links":{"self":[{"href":"https:\/\/www.straydogsmc.com\/index.php?rest_route=\/wp\/v2\/pages\/105","targetHints":{"allow":["GET"]}}],"collection":[{"href":"https:\/\/www.straydogsmc.com\/index.php?rest_route=\/wp\/v2\/pages"}],"about":[{"href":"https:\/\/www.straydogsmc.com\/index.php?rest_route=\/wp\/v2\/types\/page"}],"author":[{"embeddable":true,"href":"https:\/\/www.straydogsmc.com\/index.php?rest_route=\/wp\/v2\/users\/1"}],"replies":[{"embeddable":true,"href":"https:\/\/www.straydogsmc.com\/index.php?rest_route=%2Fwp%2Fv2%2Fcomments&post=105"}],"version-history":[{"count":20,"href":"https:\/\/www.straydogsmc.com\/index.php?rest_route=\/wp\/v2\/pages\/105\/revisions"}],"predecessor-version":[{"id":1471,"href":"https:\/\/www.straydogsmc.com\/index.php?rest_route=\/wp\/v2\/pages\/105\/revisions\/1471"}],"wp:attachment":[{"href":"https:\/\/www.straydogsmc.com\/index.php?rest_route=%2Fwp%2Fv2%2Fmedia&parent=105"}],"curies":[{"name":"wp","href":"https:\/\/api.w.org\/{rel}","templated":true}]}}